{"id":387,"date":"2015-10-21T14:29:17","date_gmt":"2015-10-21T14:29:17","guid":{"rendered":"http:\/\/jouets-vintages.fr\/?page_id=387"},"modified":"2024-05-17T16:42:30","modified_gmt":"2024-05-17T16:42:30","slug":"boutique-oneline","status":"publish","type":"page","link":"https:\/\/jouets-vintages.fr\/?page_id=387","title":{"rendered":"BOUTIQUE ONLINE"},"content":{"rendered":"<h4><\/h4>\n<h3 style=\"text-align: center;\"><span style=\"color: #ff0000;\"><a href=\"http:\/\/stores.ebay.fr\/keltikdiffusion\/\"><img loading=\"lazy\" decoding=\"async\" class=\"wp-image-31 alignleft\" src=\"https:\/\/jouets-vintages.fr\/wp-content\/uploads\/2015\/05\/stock-photo-19201868-smart-retro-robotic-toy-264x300.jpg\" alt=\"\" width=\"87\" height=\"99\" srcset=\"https:\/\/jouets-vintages.fr\/wp-content\/uploads\/2015\/05\/stock-photo-19201868-smart-retro-robotic-toy-264x300.jpg 264w, https:\/\/jouets-vintages.fr\/wp-content\/uploads\/2015\/05\/stock-photo-19201868-smart-retro-robotic-toy.jpg 335w\" sizes=\"auto, (max-width: 87px) 100vw, 87px\" \/><\/a>Nous tenons en stock une large s\u00e9lection de jouets vintages issus de nos doubles, de collections ou de nos trouvailles , n&rsquo;h\u00e9sitez p<a href=\"http:\/\/stores.ebay.fr\/keltikdiffusion\/\"><img loading=\"lazy\" decoding=\"async\" class=\"wp-image-6 alignright\" src=\"https:\/\/jouets-vintages.fr\/wp-content\/uploads\/2015\/04\/logo-modif-300x199.jpg\" alt=\"\" width=\"122\" height=\"81\" srcset=\"https:\/\/jouets-vintages.fr\/wp-content\/uploads\/2015\/04\/logo-modif-300x199.jpg 300w, https:\/\/jouets-vintages.fr\/wp-content\/uploads\/2015\/04\/logo-modif-1024x679.jpg 1024w, https:\/\/jouets-vintages.fr\/wp-content\/uploads\/2015\/04\/logo-modif.jpg 1092w\" sizes=\"auto, (max-width: 122px) 100vw, 122px\" \/><\/a>as \u00e0 nous contacter vous serez surpris !<\/span><\/h3>\n<h4 style=\"text-align: center;\"><a href=\"http:\/\/stores.ebay.fr\/keltikdiffusion\/\"><span style=\"color: #0000ff;\">\u00a0Cliquez sur le texte \u00a0pour y acc\u00e9der :<\/span><\/a><\/h4>\n<h1 style=\"text-align: center;\"><span style=\"text-decoration: underline;\"><span style=\"color: #ff9900; text-decoration: underline;\"><strong><a href=\"http:\/\/stores.ebay.fr\/keltikdiffusion\/\">Boutique<\/a> <a href=\"http:\/\/stores.ebay.fr\/keltikdiffusion\/\">online<\/a><a href=\"http:\/\/stores.ebay.fr\/keltikdiffusion\/\"><img loading=\"lazy\" decoding=\"async\" class=\"alignnone wp-image-30 size-full\" src=\"https:\/\/jouets-vintages.fr\/wp-content\/uploads\/2015\/05\/stock-photo-18963462-stylish-cyborg-toy.jpg\" alt=\"\" width=\"91\" height=\"110\" \/><\/a><\/strong><\/span><\/span><\/h1>\n<h3 style=\"text-align: center;\"><span style=\"color: #3366ff;\">STAR WARS\u00a0<\/span><\/h3>\n<h3 style=\"text-align: center;\"><span style=\"color: #3366ff;\">\u00a0 GOLDORAK<\/span><\/h3>\n<h3 style=\"text-align: center;\"><span style=\"color: #3366ff;\">ULYSSE 31<\/span><\/h3>\n<h3 style=\"text-align: center;\"><span style=\"color: #3366ff;\">ALBATOR<\/span><\/h3>\n<h3 style=\"text-align: center;\"><span style=\"color: #3366ff;\">CAPITAINE FLAM\u00a0<\/span><\/h3>\n<h3 style=\"text-align: center;\"><span style=\"color: #3366ff;\">IL ETAIT UNE FOIS L&rsquo;ESPACE<\/span><\/h3>\n<h4 style=\"text-align: center;\"><span style=\"color: #3366ff;\">LORD OF THE RING\/SEIGNEUR DES ANNEAUX<\/span><\/h4>\n<h4>\u00a0<span style=\"color: #ff0000;\"><strong><a href=\"http:\/\/stores.ebay.fr\/keltikdiffusion\/\"><img loading=\"lazy\" decoding=\"async\" class=\" wp-image-19 alignleft\" src=\"https:\/\/jouets-vintages.fr\/wp-content\/uploads\/2015\/05\/fond-c-300x212.jpg\" alt=\"\" width=\"167\" height=\"118\" srcset=\"https:\/\/jouets-vintages.fr\/wp-content\/uploads\/2015\/05\/fond-c-300x212.jpg 300w, https:\/\/jouets-vintages.fr\/wp-content\/uploads\/2015\/05\/fond-c-1024x724.jpg 1024w, https:\/\/jouets-vintages.fr\/wp-content\/uploads\/2015\/05\/fond-c.jpg 1754w\" sizes=\"auto, (max-width: 167px) 100vw, 167px\" \/><\/a><\/strong><\/span><\/h4>\n<p><a href=\"http:\/\/stores.ebay.fr\/keltikdiffusion\/\"><img loading=\"lazy\" decoding=\"async\" class=\"alignnone wp-image-922\" src=\"https:\/\/jouets-vintages.fr\/wp-content\/uploads\/2016\/03\/SCOUT-WALKER-F-207x300.jpg\" alt=\"\" width=\"94\" height=\"137\" srcset=\"https:\/\/jouets-vintages.fr\/wp-content\/uploads\/2016\/03\/SCOUT-WALKER-F-207x300.jpg 207w, https:\/\/jouets-vintages.fr\/wp-content\/uploads\/2016\/03\/SCOUT-WALKER-F-768x1112.jpg 768w, https:\/\/jouets-vintages.fr\/wp-content\/uploads\/2016\/03\/SCOUT-WALKER-F-707x1024.jpg 707w\" sizes=\"auto, (max-width: 94px) 100vw, 94px\" \/> <img loading=\"lazy\" decoding=\"async\" class=\"alignnone wp-image-913\" src=\"https:\/\/jouets-vintages.fr\/wp-content\/uploads\/2016\/03\/golgoth-atlantic-d-300x233.jpg\" alt=\"\" width=\"104\" height=\"81\" srcset=\"https:\/\/jouets-vintages.fr\/wp-content\/uploads\/2016\/03\/golgoth-atlantic-d-300x233.jpg 300w, https:\/\/jouets-vintages.fr\/wp-content\/uploads\/2016\/03\/golgoth-atlantic-d-768x596.jpg 768w, https:\/\/jouets-vintages.fr\/wp-content\/uploads\/2016\/03\/golgoth-atlantic-d.jpg 957w\" sizes=\"auto, (max-width: 104px) 100vw, 104px\" \/><img loading=\"lazy\" decoding=\"async\" class=\"alignnone wp-image-912\" src=\"https:\/\/jouets-vintages.fr\/wp-content\/uploads\/2016\/03\/goldorak-repris-270x300.jpg\" alt=\"\" width=\"97\" height=\"107\" srcset=\"https:\/\/jouets-vintages.fr\/wp-content\/uploads\/2016\/03\/goldorak-repris-270x300.jpg 270w, https:\/\/jouets-vintages.fr\/wp-content\/uploads\/2016\/03\/goldorak-repris-768x855.jpg 768w, https:\/\/jouets-vintages.fr\/wp-content\/uploads\/2016\/03\/goldorak-repris-920x1024.jpg 920w, https:\/\/jouets-vintages.fr\/wp-content\/uploads\/2016\/03\/goldorak-repris.jpg 1985w\" sizes=\"auto, (max-width: 97px) 100vw, 97px\" \/><img loading=\"lazy\" decoding=\"async\" class=\"alignnone wp-image-914\" src=\"https:\/\/jouets-vintages.fr\/wp-content\/uploads\/2016\/03\/NAVETTE-ULYSSE-300x300.jpg\" alt=\"\" width=\"59\" height=\"59\" srcset=\"https:\/\/jouets-vintages.fr\/wp-content\/uploads\/2016\/03\/NAVETTE-ULYSSE-300x300.jpg 300w, https:\/\/jouets-vintages.fr\/wp-content\/uploads\/2016\/03\/NAVETTE-ULYSSE-150x150.jpg 150w, https:\/\/jouets-vintages.fr\/wp-content\/uploads\/2016\/03\/NAVETTE-ULYSSE-768x771.jpg 768w, https:\/\/jouets-vintages.fr\/wp-content\/uploads\/2016\/03\/NAVETTE-ULYSSE-1020x1024.jpg 1020w, https:\/\/jouets-vintages.fr\/wp-content\/uploads\/2016\/03\/NAVETTE-ULYSSE.jpg 1632w\" sizes=\"auto, (max-width: 59px) 100vw, 59px\" \/><img loading=\"lazy\" decoding=\"async\" class=\"alignnone wp-image-921\" src=\"https:\/\/jouets-vintages.fr\/wp-content\/uploads\/2016\/03\/ranger-3-300x249.jpg\" alt=\"\" width=\"131\" height=\"109\" srcset=\"https:\/\/jouets-vintages.fr\/wp-content\/uploads\/2016\/03\/ranger-3-300x249.jpg 300w, https:\/\/jouets-vintages.fr\/wp-content\/uploads\/2016\/03\/ranger-3-768x637.jpg 768w, https:\/\/jouets-vintages.fr\/wp-content\/uploads\/2016\/03\/ranger-3-1024x850.jpg 1024w, https:\/\/jouets-vintages.fr\/wp-content\/uploads\/2016\/03\/ranger-3.jpg 1680w\" sizes=\"auto, (max-width: 131px) 100vw, 131px\" \/>\u00a0<img loading=\"lazy\" decoding=\"async\" class=\"alignnone wp-image-923\" src=\"https:\/\/jouets-vintages.fr\/wp-content\/uploads\/2016\/03\/STAR-DESTROYER-C-300x188.jpg\" alt=\"\" width=\"120\" height=\"75\" srcset=\"https:\/\/jouets-vintages.fr\/wp-content\/uploads\/2016\/03\/STAR-DESTROYER-C-300x188.jpg 300w, https:\/\/jouets-vintages.fr\/wp-content\/uploads\/2016\/03\/STAR-DESTROYER-C-768x481.jpg 768w, https:\/\/jouets-vintages.fr\/wp-content\/uploads\/2016\/03\/STAR-DESTROYER-C-1024x641.jpg 1024w, https:\/\/jouets-vintages.fr\/wp-content\/uploads\/2016\/03\/STAR-DESTROYER-C.jpg 1904w\" sizes=\"auto, (max-width: 120px) 100vw, 120px\" \/><img loading=\"lazy\" decoding=\"async\" class=\"alignnone wp-image-915\" src=\"https:\/\/jouets-vintages.fr\/wp-content\/uploads\/2016\/03\/odysseus-1a-300x225.jpg\" alt=\"\" width=\"116\" height=\"87\" srcset=\"https:\/\/jouets-vintages.fr\/wp-content\/uploads\/2016\/03\/odysseus-1a-300x225.jpg 300w, https:\/\/jouets-vintages.fr\/wp-content\/uploads\/2016\/03\/odysseus-1a-768x576.jpg 768w, https:\/\/jouets-vintages.fr\/wp-content\/uploads\/2016\/03\/odysseus-1a-1024x768.jpg 1024w, https:\/\/jouets-vintages.fr\/wp-content\/uploads\/2016\/03\/odysseus-1a.jpg 1280w\" sizes=\"auto, (max-width: 116px) 100vw, 116px\" \/> <img loading=\"lazy\" decoding=\"async\" class=\"alignnone wp-image-916\" src=\"https:\/\/jouets-vintages.fr\/wp-content\/uploads\/2016\/03\/P1100640-300x200.jpg\" alt=\"\" width=\"97\" height=\"64\" srcset=\"https:\/\/jouets-vintages.fr\/wp-content\/uploads\/2016\/03\/P1100640-300x200.jpg 300w, https:\/\/jouets-vintages.fr\/wp-content\/uploads\/2016\/03\/P1100640-768x512.jpg 768w, https:\/\/jouets-vintages.fr\/wp-content\/uploads\/2016\/03\/P1100640-1024x683.jpg 1024w\" sizes=\"auto, (max-width: 97px) 100vw, 97px\" \/> <\/a><a href=\"http:\/\/stores.ebay.fr\/keltikdiffusion\/\">\u00a0<img loading=\"lazy\" decoding=\"async\" class=\"alignnone wp-image-918\" src=\"https:\/\/jouets-vintages.fr\/wp-content\/uploads\/2016\/03\/ulysse-repro-badge-1-249x300.jpg\" alt=\"\" width=\"97\" height=\"117\" srcset=\"https:\/\/jouets-vintages.fr\/wp-content\/uploads\/2016\/03\/ulysse-repro-badge-1-249x300.jpg 249w, https:\/\/jouets-vintages.fr\/wp-content\/uploads\/2016\/03\/ulysse-repro-badge-1-768x925.jpg 768w, https:\/\/jouets-vintages.fr\/wp-content\/uploads\/2016\/03\/ulysse-repro-badge-1-850x1024.jpg 850w, https:\/\/jouets-vintages.fr\/wp-content\/uploads\/2016\/03\/ulysse-repro-badge-1.jpg 1788w\" sizes=\"auto, (max-width: 97px) 100vw, 97px\" \/><img loading=\"lazy\" decoding=\"async\" class=\"alignnone wp-image-924\" src=\"https:\/\/jouets-vintages.fr\/wp-content\/uploads\/2016\/03\/stw-ewok-village-bi-300x218.jpg\" alt=\"\" width=\"85\" height=\"62\" srcset=\"https:\/\/jouets-vintages.fr\/wp-content\/uploads\/2016\/03\/stw-ewok-village-bi-300x218.jpg 300w, https:\/\/jouets-vintages.fr\/wp-content\/uploads\/2016\/03\/stw-ewok-village-bi-768x558.jpg 768w, https:\/\/jouets-vintages.fr\/wp-content\/uploads\/2016\/03\/stw-ewok-village-bi-1024x744.jpg 1024w\" sizes=\"auto, (max-width: 85px) 100vw, 85px\" \/><img loading=\"lazy\" decoding=\"async\" class=\"alignnone wp-image-925\" src=\"https:\/\/jouets-vintages.fr\/wp-content\/uploads\/2016\/03\/stw-luke-storm-a-218x300.jpg\" alt=\"\" width=\"53\" height=\"73\" srcset=\"https:\/\/jouets-vintages.fr\/wp-content\/uploads\/2016\/03\/stw-luke-storm-a-218x300.jpg 218w, https:\/\/jouets-vintages.fr\/wp-content\/uploads\/2016\/03\/stw-luke-storm-a-768x1058.jpg 768w, https:\/\/jouets-vintages.fr\/wp-content\/uploads\/2016\/03\/stw-luke-storm-a-743x1024.jpg 743w, https:\/\/jouets-vintages.fr\/wp-content\/uploads\/2016\/03\/stw-luke-storm-a.jpg 1433w\" sizes=\"auto, (max-width: 53px) 100vw, 53px\" \/><img loading=\"lazy\" decoding=\"async\" class=\"alignnone wp-image-926\" src=\"https:\/\/jouets-vintages.fr\/wp-content\/uploads\/2016\/03\/stw-shuttle-285x300.jpg\" alt=\"\" width=\"79\" height=\"83\" srcset=\"https:\/\/jouets-vintages.fr\/wp-content\/uploads\/2016\/03\/stw-shuttle-285x300.jpg 285w, https:\/\/jouets-vintages.fr\/wp-content\/uploads\/2016\/03\/stw-shuttle-768x808.jpg 768w, https:\/\/jouets-vintages.fr\/wp-content\/uploads\/2016\/03\/stw-shuttle-973x1024.jpg 973w, https:\/\/jouets-vintages.fr\/wp-content\/uploads\/2016\/03\/stw-shuttle.jpg 1833w\" sizes=\"auto, (max-width: 79px) 100vw, 79px\" \/><img loading=\"lazy\" decoding=\"async\" class=\"alignnone wp-image-927\" src=\"https:\/\/jouets-vintages.fr\/wp-content\/uploads\/2016\/03\/stw-snow1-300x225.jpg\" alt=\"\" width=\"85\" height=\"64\" srcset=\"https:\/\/jouets-vintages.fr\/wp-content\/uploads\/2016\/03\/stw-snow1-300x225.jpg 300w, https:\/\/jouets-vintages.fr\/wp-content\/uploads\/2016\/03\/stw-snow1-768x576.jpg 768w, https:\/\/jouets-vintages.fr\/wp-content\/uploads\/2016\/03\/stw-snow1-1024x768.jpg 1024w, https:\/\/jouets-vintages.fr\/wp-content\/uploads\/2016\/03\/stw-snow1.jpg 1280w\" sizes=\"auto, (max-width: 85px) 100vw, 85px\" \/><img loading=\"lazy\" decoding=\"async\" class=\"alignnone wp-image-928\" src=\"https:\/\/jouets-vintages.fr\/wp-content\/uploads\/2016\/03\/stw-speeder-2-300x257.jpg\" alt=\"\" width=\"127\" height=\"109\" srcset=\"https:\/\/jouets-vintages.fr\/wp-content\/uploads\/2016\/03\/stw-speeder-2-300x257.jpg 300w, https:\/\/jouets-vintages.fr\/wp-content\/uploads\/2016\/03\/stw-speeder-2-768x657.jpg 768w, https:\/\/jouets-vintages.fr\/wp-content\/uploads\/2016\/03\/stw-speeder-2-1024x876.jpg 1024w, https:\/\/jouets-vintages.fr\/wp-content\/uploads\/2016\/03\/stw-speeder-2.jpg 1438w\" sizes=\"auto, (max-width: 127px) 100vw, 127px\" \/><img loading=\"lazy\" decoding=\"async\" class=\"alignnone wp-image-930\" src=\"https:\/\/jouets-vintages.fr\/wp-content\/uploads\/2016\/03\/SY-SNOOTLES-C-300x207.jpg\" alt=\"\" width=\"140\" height=\"97\" srcset=\"https:\/\/jouets-vintages.fr\/wp-content\/uploads\/2016\/03\/SY-SNOOTLES-C-300x207.jpg 300w, https:\/\/jouets-vintages.fr\/wp-content\/uploads\/2016\/03\/SY-SNOOTLES-C-768x531.jpg 768w, https:\/\/jouets-vintages.fr\/wp-content\/uploads\/2016\/03\/SY-SNOOTLES-C-1024x708.jpg 1024w, https:\/\/jouets-vintages.fr\/wp-content\/uploads\/2016\/03\/SY-SNOOTLES-C.jpg 1802w\" sizes=\"auto, (max-width: 140px) 100vw, 140px\" \/><img loading=\"lazy\" decoding=\"async\" class=\"alignnone wp-image-931\" src=\"https:\/\/jouets-vintages.fr\/wp-content\/uploads\/2016\/03\/tie-blanc-b-300x239.jpg\" alt=\"\" width=\"157\" height=\"125\" srcset=\"https:\/\/jouets-vintages.fr\/wp-content\/uploads\/2016\/03\/tie-blanc-b-300x239.jpg 300w, https:\/\/jouets-vintages.fr\/wp-content\/uploads\/2016\/03\/tie-blanc-b-768x611.jpg 768w, https:\/\/jouets-vintages.fr\/wp-content\/uploads\/2016\/03\/tie-blanc-b-1024x815.jpg 1024w\" sizes=\"auto, (max-width: 157px) 100vw, 157px\" \/><img loading=\"lazy\" decoding=\"async\" class=\"alignnone wp-image-932\" src=\"https:\/\/jouets-vintages.fr\/wp-content\/uploads\/2016\/03\/xwing-a-300x225.jpg\" alt=\"\" width=\"144\" height=\"108\" srcset=\"https:\/\/jouets-vintages.fr\/wp-content\/uploads\/2016\/03\/xwing-a-300x225.jpg 300w, https:\/\/jouets-vintages.fr\/wp-content\/uploads\/2016\/03\/xwing-a-768x576.jpg 768w, https:\/\/jouets-vintages.fr\/wp-content\/uploads\/2016\/03\/xwing-a-1024x768.jpg 1024w, https:\/\/jouets-vintages.fr\/wp-content\/uploads\/2016\/03\/xwing-a.jpg 1280w\" sizes=\"auto, (max-width: 144px) 100vw, 144px\" \/><\/a><a href=\"http:\/\/stores.ebay.fr\/keltikdiffusion\/\"><img loading=\"lazy\" decoding=\"async\" class=\"alignnone  wp-image-1101\" src=\"https:\/\/jouets-vintages.fr\/wp-content\/uploads\/2019\/05\/P1140249-300x225.jpg\" alt=\"\" width=\"184\" height=\"138\" srcset=\"https:\/\/jouets-vintages.fr\/wp-content\/uploads\/2019\/05\/P1140249-300x225.jpg 300w, https:\/\/jouets-vintages.fr\/wp-content\/uploads\/2019\/05\/P1140249-768x576.jpg 768w, https:\/\/jouets-vintages.fr\/wp-content\/uploads\/2019\/05\/P1140249-1024x768.jpg 1024w\" sizes=\"auto, (max-width: 184px) 100vw, 184px\" \/><\/a><a href=\"http:\/\/stores.ebay.fr\/keltikdiffusion\/\"><img loading=\"lazy\" decoding=\"async\" class=\"alignnone  wp-image-1103\" src=\"https:\/\/jouets-vintages.fr\/wp-content\/uploads\/2019\/05\/rbtch-excaliber2-238x300.jpg\" alt=\"\" width=\"118\" height=\"149\" srcset=\"https:\/\/jouets-vintages.fr\/wp-content\/uploads\/2019\/05\/rbtch-excaliber2-238x300.jpg 238w, https:\/\/jouets-vintages.fr\/wp-content\/uploads\/2019\/05\/rbtch-excaliber2-768x966.jpg 768w, https:\/\/jouets-vintages.fr\/wp-content\/uploads\/2019\/05\/rbtch-excaliber2-814x1024.jpg 814w, https:\/\/jouets-vintages.fr\/wp-content\/uploads\/2019\/05\/rbtch-excaliber2.jpg 836w\" sizes=\"auto, (max-width: 118px) 100vw, 118px\" \/><\/a><a href=\"http:\/\/stores.ebay.fr\/keltikdiffusion\/\"><img loading=\"lazy\" decoding=\"async\" class=\"alignnone  wp-image-1104\" src=\"https:\/\/jouets-vintages.fr\/wp-content\/uploads\/2019\/05\/chateau-des-t\u00e9n\u00e9bres-d-300x225.jpg\" alt=\"\" width=\"188\" height=\"141\" srcset=\"https:\/\/jouets-vintages.fr\/wp-content\/uploads\/2019\/05\/chateau-des-t\u00e9n\u00e9bres-d-300x225.jpg 300w, https:\/\/jouets-vintages.fr\/wp-content\/uploads\/2019\/05\/chateau-des-t\u00e9n\u00e9bres-d-768x576.jpg 768w, https:\/\/jouets-vintages.fr\/wp-content\/uploads\/2019\/05\/chateau-des-t\u00e9n\u00e9bres-d-1024x768.jpg 1024w, https:\/\/jouets-vintages.fr\/wp-content\/uploads\/2019\/05\/chateau-des-t\u00e9n\u00e9bres-d.jpg 1280w\" sizes=\"auto, (max-width: 188px) 100vw, 188px\" \/><\/a><a href=\"http:\/\/stores.ebay.fr\/keltikdiffusion\/\"><img loading=\"lazy\" decoding=\"async\" class=\"alignnone  wp-image-1106\" src=\"https:\/\/jouets-vintages.fr\/wp-content\/uploads\/2019\/05\/PTDC0023-300x203.jpg\" alt=\"\" width=\"191\" height=\"129\" srcset=\"https:\/\/jouets-vintages.fr\/wp-content\/uploads\/2019\/05\/PTDC0023-300x203.jpg 300w, https:\/\/jouets-vintages.fr\/wp-content\/uploads\/2019\/05\/PTDC0023-768x518.jpg 768w, https:\/\/jouets-vintages.fr\/wp-content\/uploads\/2019\/05\/PTDC0023-1024x691.jpg 1024w, https:\/\/jouets-vintages.fr\/wp-content\/uploads\/2019\/05\/PTDC0023.jpg 1671w\" sizes=\"auto, (max-width: 191px) 100vw, 191px\" \/><\/a><a href=\"http:\/\/stores.ebay.fr\/keltikdiffusion\/\"><img loading=\"lazy\" decoding=\"async\" class=\"alignnone  wp-image-1107\" src=\"https:\/\/jouets-vintages.fr\/wp-content\/uploads\/2019\/05\/ZELDA-GOLD-AVEC-PHOTO-ZELDA-B-300x189.jpg\" alt=\"\" width=\"200\" height=\"126\" srcset=\"https:\/\/jouets-vintages.fr\/wp-content\/uploads\/2019\/05\/ZELDA-GOLD-AVEC-PHOTO-ZELDA-B-300x189.jpg 300w, https:\/\/jouets-vintages.fr\/wp-content\/uploads\/2019\/05\/ZELDA-GOLD-AVEC-PHOTO-ZELDA-B-768x485.jpg 768w, https:\/\/jouets-vintages.fr\/wp-content\/uploads\/2019\/05\/ZELDA-GOLD-AVEC-PHOTO-ZELDA-B-1024x646.jpg 1024w, https:\/\/jouets-vintages.fr\/wp-content\/uploads\/2019\/05\/ZELDA-GOLD-AVEC-PHOTO-ZELDA-B.jpg 1280w\" sizes=\"auto, (max-width: 200px) 100vw, 200px\" \/><\/a><\/p>\n<p><a href=\"http:\/\/stores.ebay.fr\/keltikdiffusion\/\"><img loading=\"lazy\" decoding=\"async\" class=\"alignnone  wp-image-1109\" src=\"https:\/\/jouets-vintages.fr\/wp-content\/uploads\/2019\/05\/cpt-flam-b-300x225.jpg\" alt=\"\" width=\"168\" height=\"126\" srcset=\"https:\/\/jouets-vintages.fr\/wp-content\/uploads\/2019\/05\/cpt-flam-b-300x225.jpg 300w, https:\/\/jouets-vintages.fr\/wp-content\/uploads\/2019\/05\/cpt-flam-b-768x576.jpg 768w, https:\/\/jouets-vintages.fr\/wp-content\/uploads\/2019\/05\/cpt-flam-b-1024x768.jpg 1024w, https:\/\/jouets-vintages.fr\/wp-content\/uploads\/2019\/05\/cpt-flam-b.jpg 1280w\" sizes=\"auto, (max-width: 168px) 100vw, 168px\" \/><\/a> <a href=\"http:\/\/stores.ebay.fr\/keltikdiffusion\/\"><img loading=\"lazy\" decoding=\"async\" class=\"alignnone  wp-image-1110\" src=\"https:\/\/jouets-vintages.fr\/wp-content\/uploads\/2019\/05\/elios1-c-300x225.jpg\" alt=\"\" width=\"112\" height=\"84\" srcset=\"https:\/\/jouets-vintages.fr\/wp-content\/uploads\/2019\/05\/elios1-c-300x225.jpg 300w, https:\/\/jouets-vintages.fr\/wp-content\/uploads\/2019\/05\/elios1-c-768x576.jpg 768w, https:\/\/jouets-vintages.fr\/wp-content\/uploads\/2019\/05\/elios1-c.jpg 854w\" sizes=\"auto, (max-width: 112px) 100vw, 112px\" \/><\/a> <a href=\"http:\/\/stores.ebay.fr\/keltikdiffusion\/\"><img loading=\"lazy\" decoding=\"async\" class=\"alignnone  wp-image-1111\" src=\"https:\/\/jouets-vintages.fr\/wp-content\/uploads\/2019\/05\/libelulle-300x160.jpg\" alt=\"\" width=\"193\" height=\"103\" srcset=\"https:\/\/jouets-vintages.fr\/wp-content\/uploads\/2019\/05\/libelulle-300x160.jpg 300w, https:\/\/jouets-vintages.fr\/wp-content\/uploads\/2019\/05\/libelulle-768x409.jpg 768w, https:\/\/jouets-vintages.fr\/wp-content\/uploads\/2019\/05\/libelulle-1024x546.jpg 1024w\" sizes=\"auto, (max-width: 193px) 100vw, 193px\" \/><\/a> <a href=\"http:\/\/stores.ebay.fr\/keltikdiffusion\/\"><img loading=\"lazy\" decoding=\"async\" class=\"alignnone  wp-image-1112\" src=\"https:\/\/jouets-vintages.fr\/wp-content\/uploads\/2019\/05\/metro-2-252x300.jpg\" alt=\"\" width=\"102\" height=\"121\" srcset=\"https:\/\/jouets-vintages.fr\/wp-content\/uploads\/2019\/05\/metro-2-252x300.jpg 252w, https:\/\/jouets-vintages.fr\/wp-content\/uploads\/2019\/05\/metro-2-768x915.jpg 768w, https:\/\/jouets-vintages.fr\/wp-content\/uploads\/2019\/05\/metro-2-859x1024.jpg 859w\" sizes=\"auto, (max-width: 102px) 100vw, 102px\" \/><\/a> <a href=\"http:\/\/stores.ebay.fr\/keltikdiffusion\/\"><img loading=\"lazy\" decoding=\"async\" class=\"wp-image-1113 alignleft\" src=\"https:\/\/jouets-vintages.fr\/wp-content\/uploads\/2019\/05\/ulysse-navette-2-300x163.jpg\" alt=\"\" width=\"208\" height=\"113\" srcset=\"https:\/\/jouets-vintages.fr\/wp-content\/uploads\/2019\/05\/ulysse-navette-2-300x163.jpg 300w, https:\/\/jouets-vintages.fr\/wp-content\/uploads\/2019\/05\/ulysse-navette-2-768x417.jpg 768w, https:\/\/jouets-vintages.fr\/wp-content\/uploads\/2019\/05\/ulysse-navette-2-1024x556.jpg 1024w\" sizes=\"auto, (max-width: 208px) 100vw, 208px\" \/><\/a> <a href=\"https:\/\/jouets-vintages.fr\/wp-content\/uploads\/2019\/05\/voltron-22.jpg\"><img loading=\"lazy\" decoding=\"async\" class=\"wp-image-1114 alignright\" src=\"https:\/\/jouets-vintages.fr\/wp-content\/uploads\/2019\/05\/voltron-22-290x300.jpg\" alt=\"\" width=\"195\" height=\"202\" srcset=\"https:\/\/jouets-vintages.fr\/wp-content\/uploads\/2019\/05\/voltron-22-290x300.jpg 290w, https:\/\/jouets-vintages.fr\/wp-content\/uploads\/2019\/05\/voltron-22-768x794.jpg 768w, https:\/\/jouets-vintages.fr\/wp-content\/uploads\/2019\/05\/voltron-22-990x1024.jpg 990w, https:\/\/jouets-vintages.fr\/wp-content\/uploads\/2019\/05\/voltron-22.jpg 1620w\" sizes=\"auto, (max-width: 195px) 100vw, 195px\" \/><\/a><\/p>\n<h4 style=\"text-align: center;\"><a href=\"http:\/\/stores.ebay.fr\/keltikdiffusion\/\"><em><span style=\"color: #ff6600;\"><strong>Retrouvez \u00e9galement\u00a0 \u00a0une s\u00e9lection de jouets\u00a0<\/strong><strong>et jeux vintages\u00a0 \u00a0sp\u00e9cialement pour les f\u00eates de fin d&rsquo;ann\u00e9es\u00a0\u00a0<\/strong><\/span><\/em><\/a><\/h4>\n<h4 style=\"text-align: center;\"><span style=\"color: #ff0000;\"><strong>\u00a0Prix r\u00e9duits\u00a0 et ench\u00e8res \u00e0 partir de 1 euros !\u00a0<\/strong><\/span><\/h4>\n<h4 style=\"text-align: center;\"><span style=\"color: #ff0000;\"><strong> sur notre boutique Online&#8230;<\/strong><\/span><\/h4>\n<h4 style=\"text-align: center;\"><a href=\"http:\/\/stores.ebay.fr\/keltikdiffusion\/\"><span style=\"color: #0000ff;\">\u00a0Cliquez sur le texte \u00a0pour y acc\u00e9der :<\/span><\/a><\/h4>\n<h1 style=\"text-align: center;\"><span style=\"text-decoration: underline;\"><span style=\"color: #ff9900; text-decoration: underline;\"><strong><a href=\"http:\/\/stores.ebay.fr\/keltikdiffusion\/\">Boutique<\/a> <a href=\"http:\/\/stores.ebay.fr\/keltikdiffusion\/\">online<\/a><a href=\"http:\/\/stores.ebay.fr\/keltikdiffusion\/\"><img loading=\"lazy\" decoding=\"async\" class=\"alignnone size-full wp-image-30\" src=\"https:\/\/jouets-vintages.fr\/wp-content\/uploads\/2015\/05\/stock-photo-18963462-stylish-cyborg-toy.jpg\" alt=\"\" width=\"91\" height=\"110\" \/><\/a><\/strong><\/span><\/span><\/h1>\n<pre style=\"text-align: center;\"><\/pre>\n","protected":false},"excerpt":{"rendered":"<p>Nous tenons en stock une large s\u00e9lection de jouets vintages issus de nos doubles, de collections ou de nos trouvailles , n&rsquo;h\u00e9sitez pas \u00e0 nous contacter vous serez surpris ! \u00a0Cliquez sur le texte \u00a0pour y acc\u00e9der : Boutique online STAR WARS\u00a0 \u00a0 GOLDORAK ULYSSE 31 ALBATOR CAPITAINE FLAM\u00a0 IL ETAIT UNE FOIS L&rsquo;ESPACE LORD &hellip; <a href=\"https:\/\/jouets-vintages.fr\/?page_id=387\" class=\"more-link\">Continuer la lecture de <span class=\"screen-reader-text\">BOUTIQUE ONLINE<\/span> <span class=\"meta-nav\">&rarr;<\/span><\/a><\/p>\n","protected":false},"author":1,"featured_media":0,"parent":0,"menu_order":0,"comment_status":"closed","ping_status":"closed","template":"","meta":{"footnotes":""},"class_list":["post-387","page","type-page","status-publish","hentry"],"_links":{"self":[{"href":"https:\/\/jouets-vintages.fr\/index.php?rest_route=\/wp\/v2\/pages\/387","targetHints":{"allow":["GET"]}}],"collection":[{"href":"https:\/\/jouets-vintages.fr\/index.php?rest_route=\/wp\/v2\/pages"}],"about":[{"href":"https:\/\/jouets-vintages.fr\/index.php?rest_route=\/wp\/v2\/types\/page"}],"author":[{"embeddable":true,"href":"https:\/\/jouets-vintages.fr\/index.php?rest_route=\/wp\/v2\/users\/1"}],"replies":[{"embeddable":true,"href":"https:\/\/jouets-vintages.fr\/index.php?rest_route=%2Fwp%2Fv2%2Fcomments&post=387"}],"version-history":[{"count":31,"href":"https:\/\/jouets-vintages.fr\/index.php?rest_route=\/wp\/v2\/pages\/387\/revisions"}],"predecessor-version":[{"id":1507,"href":"https:\/\/jouets-vintages.fr\/index.php?rest_route=\/wp\/v2\/pages\/387\/revisions\/1507"}],"wp:attachment":[{"href":"https:\/\/jouets-vintages.fr\/index.php?rest_route=%2Fwp%2Fv2%2Fmedia&parent=387"}],"curies":[{"name":"wp","href":"https:\/\/api.w.org\/{rel}","templated":true}]}}