{"id":457,"date":"2015-11-19T16:53:47","date_gmt":"2015-11-19T16:53:47","guid":{"rendered":"http:\/\/jouets-vintages.fr\/?page_id=457"},"modified":"2025-08-16T13:33:46","modified_gmt":"2025-08-16T13:33:46","slug":"notre-equipe-dexperts","status":"publish","type":"page","link":"https:\/\/jouets-vintages.fr\/?page_id=457","title":{"rendered":"Notre \u00e9quipe d&rsquo;experts du club des collectionneurs"},"content":{"rendered":"<p><a href=\"https:\/\/jouets-vintages.fr\/wp-content\/uploads\/2015\/11\/avatar-a-remplir.png\" rel=\"attachment wp-att-583\">\u00a0<\/a><\/p>\n<h2 style=\"text-align: center;\"><span style=\"color: #ff6600;\"><strong><em>NOS COLLECTIONNEURS EXPERTS MEMBRES DU COLLECTIF , LE CLUB DES COLLECTIONNEURS :<\/em><\/strong><\/span><\/h2>\n<p style=\"text-align: center;\">Tous les experts de notre site\u00a0 et bureau sont des b\u00e9n\u00e9voles avant tout des collectionneurs qui ont tous un m\u00e9tier ou une profession autre . l&rsquo; objectif \u00e0 terme est de cr\u00e9er un liens entre tous ceux et celles qui souhaitent partager leurs passions , permettre des \u00e9changes et des contacts , de se passer les bonnes adresses ou bons plans pour continuer \u00e0 vivre nos passions\u00a0 sans trop d\u00e9pendre du march\u00e9 . Cette communeaut\u00e9\u00a0 est bas\u00e9 sur un collectif , qui coopte ces membres gratuitement\u00a0 lors de chaque r\u00e9union annuelle , il vous suffit pour nous rejoindre de nous contacter par mail et de nous adresser une photo de vous avec un exemple de votre collection ou un objet que vous affectionnez de celle-ci et un texte de pr\u00e9sentation . Une fois membre vous serez int\u00e9gr\u00e9 dans notre site et\u00a0 bien s\u00fbr vous b\u00e9n\u00e9ficierez de nos contacts , infos , boutique one-line sur E-bay et de tous les services de notre groupe pour agrandir ou parfaire votre collection que ce soit en \u00e9changes ou autres . Deplus vous pourrez participer \u00e0 nos expositions\u00a0 animations et salons \u00e0 chaque fois que vous le d\u00e9sirerez.<\/p>\n<p style=\"text-align: center;\"><strong>Seul S\u00e9bastien Salvador \u00e0 un statut d&rsquo;auto entrepreneur , bien que technicien pour une soci\u00e9t\u00e9\u00a0 pour permettre\u00a0 \u00e0 notre entit\u00e9\u00a0 d&rsquo;exister professionnellement et d&rsquo;\u00eatre reconnue comme telle par les institutions et les divers acteurs priv\u00e9s du domaine .<\/strong><\/p>\n<h4><span style=\"color: #0000ff;\">Un nouveau colectionneur\/ expert\u00a0 nous rejoins\u00a0 dans l&rsquo;\u00e9quipe pour les cartes Pokemon , Magic , Yugi HO et les jouets , jeux des ann\u00e9es 90 \u00e0 nos jours !!!<\/span><\/h4>\n<p><strong>En attente de la prochaine r\u00e9union du collectif\u00a0 en juin pour sa nomination officielle au club des collectionneurs\u00a0 !<\/strong><\/p>\n<p><img loading=\"lazy\" decoding=\"async\" class=\"size-medium wp-image-1510 aligncenter\" src=\"https:\/\/jouets-vintages.fr\/wp-content\/uploads\/2024\/12\/pikario-GD-300x225.jpg\" alt=\"\" width=\"300\" height=\"225\" srcset=\"https:\/\/jouets-vintages.fr\/wp-content\/uploads\/2024\/12\/pikario-GD-300x225.jpg 300w, https:\/\/jouets-vintages.fr\/wp-content\/uploads\/2024\/12\/pikario-GD-1024x768.jpg 1024w, https:\/\/jouets-vintages.fr\/wp-content\/uploads\/2024\/12\/pikario-GD-768x576.jpg 768w, https:\/\/jouets-vintages.fr\/wp-content\/uploads\/2024\/12\/pikario-GD-1536x1152.jpg 1536w, https:\/\/jouets-vintages.fr\/wp-content\/uploads\/2024\/12\/pikario-GD-2048x1536.jpg 2048w\" sizes=\"auto, (max-width: 300px) 100vw, 300px\" \/><\/p>\n<p>\u00ab\u00a0Salut \u00e0 tous c&rsquo;est Pikario, j&rsquo;ai rencontr\u00e9 Mr Salvador par le biais de l&rsquo;association ma\u00eetre du jeu, je propose donc mes services d&rsquo;expertise dans le domaine de ma collection qui concerne les jeux vid\u00e9o \/ cartes pokemon, carte a collectionn\u00e9 etc&#8230; tout l&rsquo;univers qui poss\u00e8de un \u00e9cran, figurine, jouet ann\u00e9e 80-90-2000. Passionn\u00e9 et collectionneur agu\u00e9ri je serais pr\u00e9sent pour vous \u00eatre utile, information, estimation, animation, formation. n&rsquo;h\u00e9sitez pas a prendre contact avec moi si besoin !<\/p>\n<p>collectionneur depuis mes 12 ans j&rsquo;en ai 29 ans en 2024 et je ne suis pas pret de grandir ! \u00a0\u00bb<\/p>\n<h3><strong><span style=\"color: #0000ff;\">Flippers et machines de bars\u00a0<\/span><\/strong><\/h3>\n<p><strong>Fr\u00e9d\u00e9ric Salvador , membre du bureau du collectif<\/strong><\/p>\n<h3><a href=\"https:\/\/jouets-vintages.fr\/wp-content\/uploads\/2021\/01\/received_246261013505075-scaled.jpeg\"><img loading=\"lazy\" decoding=\"async\" class=\"size-medium wp-image-1239 aligncenter\" src=\"https:\/\/jouets-vintages.fr\/wp-content\/uploads\/2021\/01\/received_246261013505075-225x300.jpeg\" alt=\"\" width=\"225\" height=\"300\" srcset=\"https:\/\/jouets-vintages.fr\/wp-content\/uploads\/2021\/01\/received_246261013505075-225x300.jpeg 225w, https:\/\/jouets-vintages.fr\/wp-content\/uploads\/2021\/01\/received_246261013505075-768x1024.jpeg 768w, https:\/\/jouets-vintages.fr\/wp-content\/uploads\/2021\/01\/received_246261013505075-1152x1536.jpeg 1152w, https:\/\/jouets-vintages.fr\/wp-content\/uploads\/2021\/01\/received_246261013505075-1536x2048.jpeg 1536w, https:\/\/jouets-vintages.fr\/wp-content\/uploads\/2021\/01\/received_246261013505075-scaled.jpeg 1920w\" sizes=\"auto, (max-width: 225px) 100vw, 225px\" \/><\/a><\/h3>\n<p>N\u00e9 en 1975<\/p>\n<p>Joueur et collectionneur depuis les ann\u00e9es 2000 j ai commenc\u00e9 avec un flipper \u00e9lectronique chez mon p\u00e8re.Puis pour revivre les ann\u00e9es lyc\u00e9e, j&rsquo; ai achet\u00e9 mon premier flipper , un alpha num\u00e9rique: le taxi Marilyne de chez Williams.Ensuite la passion des Dot Matrix des ann\u00e9es 90 a pris le dessus avec surtout des Williams comme le fish tales ou encore d\u00e9molition man.Exil\u00e9 dans les \u00eeles pour raisons professionnelles, je reprends ma collection avec un magnifique Gottlieb Stargate puis le flipper qui m a fait vid\u00e9 les poches de mes pi\u00e8ces de 10 francs le star trek NG de chez Williams.J aime aussi la restauration des baby foot bonzini notamment.Ma prochaine acquisition certainement un flipper plus r\u00e9cent comme un Stern Lord of the\u00a0 ring (2004).Voil\u00e0 donc 20 ans que je suis le march\u00e9 des flippers de toutes marques et les baby foot essentiellement bonzini.Un march\u00e9 toujours tr\u00e8s tendu avec des prix \u00e0 la hausse depuis 5 ans surtout sur les produits des ann\u00e9es 90<\/p>\n<h3><span style=\"color: #0000ff;\"><strong>Jeux vid\u00e9os :<\/strong><\/span><\/h3>\n<p><strong>Eric Hanula, president du collectif<\/strong><\/p>\n<p><a href=\"https:\/\/jouets-vintages.fr\/wp-content\/uploads\/2015\/11\/Num\u00aeriser0001.jpg\" rel=\"attachment wp-att-582\"><img loading=\"lazy\" decoding=\"async\" class=\"wp-image-582 size-medium aligncenter\" src=\"https:\/\/jouets-vintages.fr\/wp-content\/uploads\/2015\/11\/Num\u00aeriser0001-233x300.jpg\" alt=\"Num+\u00aeriser0001\" width=\"233\" height=\"300\" srcset=\"https:\/\/jouets-vintages.fr\/wp-content\/uploads\/2015\/11\/Num\u00aeriser0001-233x300.jpg 233w, https:\/\/jouets-vintages.fr\/wp-content\/uploads\/2015\/11\/Num\u00aeriser0001.jpg 764w\" sizes=\"auto, (max-width: 233px) 100vw, 233px\" \/><\/a><\/p>\n<div>n\u00e9 en 1970.<\/div>\n<div>premi\u00e8re console bi bip 6 cr\u00e9atronic 1976 ou 1977<\/div>\n<div>divers jeux \u00e9lectroniques entre 1977 et 1982 : little professor, formula one, mb microvision, pack monster, space invaders Lansay, divers game and watch&#8230;<\/div>\n<div>Vectrex en 1982.<\/div>\n<div>Atari 2600 en 1984<\/div>\n<div>Atari 520 stf en 1988.<\/div>\n<div>Atari 1040 ste en 1993<\/div>\n<div>Playstation en 1996 ps2 en 2000&#8230;<\/div>\n<div><\/div>\n<div>Sinon j&rsquo;ai\u00a0jou\u00e9 sur toutes les consoles Atari, Col\u00e9co ordi Commodore 64, Oric, Msx entre 1980 et 2000.<\/div>\n<div><\/div>\n<div>Aujourd&rsquo;hui collectionneur avec plus de 120 consoles dont 38 types diff\u00e9rents et environ 1200 jeux mais je ne fais presque que dans la console sortie en europe \u00e0 de rares exceptions pr\u00e8s.<\/div>\n<div>Je fais les puces r\u00e9guli\u00e8rement pour trouver de nouvelles consoles, jeux&#8230; que je nettoient,\u00a0 r\u00e9parent si je peux pour \u00e9change ou revente. je ne suis pas l\u00e0 pour gagner de l&rsquo;argent et vivre de ma passion mais pour partager ma passion et faire r\u00e9utiliser du mat\u00e9riel que bien souvent les gens pensent obsol\u00e8tes.<\/div>\n<div>aujourd&rsquo;hui le retrogaming a le vent en poupe et malheureusement on se heurte \u00e0 une envol\u00e9e des prix hallucinante due \u00e0 de tr\u00e8s nombreux aigrefins et profiteurs en tout genre qui ne voient l\u00e0 qu&rsquo;un moyen de gagner plus d&rsquo;argent alors que le collectionneur est l\u00e0 pour partager sa passion.<\/div>\n<div>Le plus amusant dans l&rsquo;affaire c&rsquo;\u00a0est de voir que finalement, les consoles les plus anciennes, comme le pong se trouvent tr\u00e8s facilement compl\u00e8tes\u00a0\u00a0en boite pour 20 euros m\u00eame sur le bon coin alors qu&rsquo;une Nes, vendue \u00e0 2 000 000 d&rsquo;exemplaires\u00a0\u00e0 l&rsquo;\u00e9poque n&rsquo;est plus propos\u00e9e en dessous des 60 euros. Un gros engouement infond\u00e9 pour\u00a0 ma part\u00a0 sur de telles types de consoles qui\u00a0sont \u00a0arriv\u00e9es bien apr\u00e8s les marques\u00a0 pionni\u00e8res am\u00e9ricaines\u00a0 pourtant plus rares.<\/div>\n<div>Je participe \u00e9galement \u00a0au retrogaming show de Marseille depuis 4 ou 5 ans.<\/div>\n<div><\/div>\n<div><\/div>\n<div><\/div>\n<h3><span style=\"color: #0000ff;\"><em><strong>Jeux de r\u00f4les et Figurines M\u00e9di\u00e9vales fantastiques \/ SF :<\/strong> <\/em><\/span><\/h3>\n<div><\/div>\n<div><strong>Arnaud Canning,membre du bureau du collectif<\/strong><\/div>\n<div><\/div>\n<p><a href=\"https:\/\/jouets-vintages.fr\/wp-content\/uploads\/2016\/03\/020.jpg\"><img loading=\"lazy\" decoding=\"async\" class=\" wp-image-745 aligncenter\" src=\"https:\/\/jouets-vintages.fr\/wp-content\/uploads\/2016\/03\/020-300x225.jpg\" alt=\"020\" width=\"327\" height=\"245\" srcset=\"https:\/\/jouets-vintages.fr\/wp-content\/uploads\/2016\/03\/020-300x225.jpg 300w, https:\/\/jouets-vintages.fr\/wp-content\/uploads\/2016\/03\/020-768x576.jpg 768w, https:\/\/jouets-vintages.fr\/wp-content\/uploads\/2016\/03\/020-1024x768.jpg 1024w, https:\/\/jouets-vintages.fr\/wp-content\/uploads\/2016\/03\/020.jpg 2048w\" sizes=\"auto, (max-width: 327px) 100vw, 327px\" \/><\/a><\/p>\n<p>N\u00e9 en 1973<\/p>\n<p>Joueur et collectionneur depuis les ann\u00e9es 80 , je poss\u00e8de une collection compl\u00e8te des jeux AD&amp;D originaux 1\u00e8re \u00e9dition.<\/p>\n<p>V\u00e9ritable GEEK au sens noble du terme , j&rsquo;ai jou\u00e9 et utilis\u00e9 presque tous les jeux de soci\u00e9t\u00e9 et jeux de r\u00f4les qui ont exist\u00e9s en France depuis la fin des ann\u00e9es 80.<\/p>\n<p>Je suis aussi associ\u00e9 avec S\u00e9bastien\u00a0Salvador depuis de nombreuses ann\u00e9es pour la production de figurines et de jeux .<\/p>\n<p>Je suis donc aussi bien , collectionneur , qu&rsquo;utilisateur mais aussi \u00e9diteur\/cr\u00e9ateur de jeux et jouets depuis de nombreuses ann\u00e9es.<\/p>\n<h3><span style=\"color: #0000ff;\"><strong><em>Jouets vintages et Star Wars :<\/em><\/strong><\/span><\/h3>\n<p><strong>S\u00e9bastien\u00a0 Salvador\/responsable du site et du bureau d&rsquo;expertise<\/strong><\/p>\n<p><a href=\"https:\/\/jouets-vintages.fr\/wp-content\/uploads\/2015\/11\/DSC03025.jpg\" rel=\"attachment wp-att-429\"><img loading=\"lazy\" decoding=\"async\" class=\"size-medium wp-image-429 aligncenter\" src=\"https:\/\/jouets-vintages.fr\/wp-content\/uploads\/2015\/11\/DSC03025-300x225.jpg\" alt=\"DSC03025\" width=\"300\" height=\"225\" srcset=\"https:\/\/jouets-vintages.fr\/wp-content\/uploads\/2015\/11\/DSC03025-300x225.jpg 300w, https:\/\/jouets-vintages.fr\/wp-content\/uploads\/2015\/11\/DSC03025-1024x768.jpg 1024w, https:\/\/jouets-vintages.fr\/wp-content\/uploads\/2015\/11\/DSC03025.jpg 1280w\" sizes=\"auto, (max-width: 300px) 100vw, 300px\" \/><\/a><\/p>\n<p>N\u00e9 en 1972<\/p>\n<p>Collectionneur depuis mes 10 ans des jouets Star Wars, je poss\u00e8de une collection de jouets vintages assez compl\u00e8te , que nous pr\u00e9sentons partiellement sur les shows et expos de nombreux salons.<\/p>\n<p>Grand joueur \u00e9galement de\u00a0figurines m\u00e9tal , je poss\u00e8de une tr\u00e8s belle collection de figurines Warhammer et Warhammer 40k vintages des ann\u00e9es 80 \u00e0 90.<\/p>\n<p>Je suis partenaire avec Arnaud sur une soci\u00e9t\u00e9 de conception et d&rsquo;\u00e9dition de jeux ,figurines\u00a0 ,\u00a0 et prochainement de maquettes SF ainsi qu&rsquo;une s\u00e9rie de jouets\u00a0 en cours d&rsquo;\u00e9tudes\u00a0.<\/p>\n<p>Pr\u00e9sent en tant que professionnel depuis les ann\u00e9es 90\u00a0 ( vendeur , importateur ou distributeur et cr\u00e9ateur ) sur le march\u00e9 du jouet et du jeu ainsi que du jeu vid\u00e9o , j&rsquo;ai d\u00e9cid\u00e9 depuis 2013\u00a0 de mettre nos connaissances et notre passion de collectionneurs\u00a0 , ainsi que notre r\u00e9seau de pros diss\u00e9min\u00e9 dans toute l&rsquo;Europe ( Angleterre, Allemagne , Pays bas,Suisse&#8230;.) mais aussi \u00e0 l&rsquo;internationale ( USA notamment ) aux service du public et des passionn\u00e9s.<\/p>\n<p>Bien \u00e9videmment nous comptons dans nos rangs d&rsquo;autres passionn\u00e9s et professionnels que nous ne manquerons pas au fur et \u00e0 mesure de vous faire d\u00e9couvrir .<\/p>\n","protected":false},"excerpt":{"rendered":"<p>\u00a0 NOS COLLECTIONNEURS EXPERTS MEMBRES DU COLLECTIF , LE CLUB DES COLLECTIONNEURS : Tous les experts de notre site\u00a0 et bureau sont des b\u00e9n\u00e9voles avant tout des collectionneurs qui ont tous un m\u00e9tier ou une profession autre . l&rsquo; objectif \u00e0 terme est de cr\u00e9er un liens entre tous ceux et celles qui souhaitent partager &hellip; <a href=\"https:\/\/jouets-vintages.fr\/?page_id=457\" class=\"more-link\">Continuer la lecture de <span class=\"screen-reader-text\">Notre \u00e9quipe d&rsquo;experts du club des collectionneurs<\/span> <span class=\"meta-nav\">&rarr;<\/span><\/a><\/p>\n","protected":false},"author":1,"featured_media":0,"parent":0,"menu_order":0,"comment_status":"closed","ping_status":"closed","template":"","meta":{"footnotes":""},"class_list":["post-457","page","type-page","status-publish","hentry"],"_links":{"self":[{"href":"https:\/\/jouets-vintages.fr\/index.php?rest_route=\/wp\/v2\/pages\/457","targetHints":{"allow":["GET"]}}],"collection":[{"href":"https:\/\/jouets-vintages.fr\/index.php?rest_route=\/wp\/v2\/pages"}],"about":[{"href":"https:\/\/jouets-vintages.fr\/index.php?rest_route=\/wp\/v2\/types\/page"}],"author":[{"embeddable":true,"href":"https:\/\/jouets-vintages.fr\/index.php?rest_route=\/wp\/v2\/users\/1"}],"replies":[{"embeddable":true,"href":"https:\/\/jouets-vintages.fr\/index.php?rest_route=%2Fwp%2Fv2%2Fcomments&post=457"}],"version-history":[{"count":20,"href":"https:\/\/jouets-vintages.fr\/index.php?rest_route=\/wp\/v2\/pages\/457\/revisions"}],"predecessor-version":[{"id":1552,"href":"https:\/\/jouets-vintages.fr\/index.php?rest_route=\/wp\/v2\/pages\/457\/revisions\/1552"}],"wp:attachment":[{"href":"https:\/\/jouets-vintages.fr\/index.php?rest_route=%2Fwp%2Fv2%2Fmedia&parent=457"}],"curies":[{"name":"wp","href":"https:\/\/api.w.org\/{rel}","templated":true}]}}